{"id":16295,"date":"2025-05-22T06:35:23","date_gmt":"2025-05-22T06:35:23","guid":{"rendered":"https:\/\/franchef.lv\/?page_id=16295"},"modified":"2025-05-28T09:40:39","modified_gmt":"2025-05-28T09:40:39","slug":"privatuma-politika","status":"publish","type":"page","link":"https:\/\/franchef.lv\/en\/privatuma-politika\/","title":{"rendered":"Priv\u0101tuma politika"},"content":{"rendered":"\t\t<div data-elementor-type=\"wp-page\" data-elementor-id=\"16295\" class=\"elementor elementor-16295 elementor-16019\" data-elementor-post-type=\"page\">\n\t\t\t\t<div class=\"wd-negative-gap elementor-element elementor-element-a774e4a e-flex e-con-boxed e-con e-parent\" data-id=\"a774e4a\" data-element_type=\"container\" data-e-type=\"container\">\n\t\t\t\t\t<div class=\"e-con-inner\">\n\t\t\t\t<div class=\"elementor-element elementor-element-0d0c11a color-scheme-inherit text-left elementor-widget elementor-widget-text-editor\" data-id=\"0d0c11a\" data-element_type=\"widget\" data-e-type=\"widget\" data-widget_type=\"text-editor.default\">\n\t\t\t\t<div class=\"elementor-widget-container\">\n\t\t\t\t\t\t\t\t\t<h5 data-start=\"0\" data-end=\"14\">PRIVACY POLICY<\/h5><ol data-start=\"16\" data-end=\"466\"><li data-start=\"16\" data-end=\"243\"><p data-start=\"19\" data-end=\"243\">General Provisions<br data-start=\"37\" data-end=\"40\" \/>This Privacy Policy (hereinafter \u2013 \u201cPolicy\u201d) defines how MCF EUROPE, SIA (hereinafter \u2013 \u201cCompany\u201d) processes and protects personal data obtained through the website franchef.lv (hereinafter \u2013 \u201cWebsite\u201d).<\/p><\/li><li data-start=\"245\" data-end=\"427\"><p data-start=\"248\" data-end=\"427\">Data Controller<br data-start=\"263\" data-end=\"266\" \/>MCF EUROPE, SIA<br data-start=\"281\" data-end=\"284\" \/>Reg. No.: 50203531711<br data-start=\"305\" data-end=\"308\" \/>VAT No.: LV50203531711<br data-start=\"330\" data-end=\"333\" \/>Address: Malienas iela 76-20, R\u012bga, LV-1064<br data-start=\"376\" data-end=\"379\" \/>Phone: +371 24001300<br data-start=\"400\" data-end=\"403\" \/>E-mail: <a class=\"cursor-pointer\" rel=\"noopener\" data-start=\"411\" data-end=\"427\">info@franchef.lv<\/a><\/p><\/li><li data-start=\"429\" data-end=\"466\"><p data-start=\"432\" data-end=\"466\">Types of Personal Data Collected<\/p><\/li><\/ol><ul data-start=\"468\" data-end=\"783\"><li data-start=\"468\" data-end=\"552\"><p data-start=\"470\" data-end=\"552\"><strong data-start=\"470\" data-end=\"494\">Contact Information:<\/strong> first name, last name, e-mail address, telephone number<\/p><\/li><li data-start=\"553\" data-end=\"621\"><p data-start=\"555\" data-end=\"621\"><strong data-start=\"555\" data-end=\"577\">User Profile Data:<\/strong> company name and profession (if provided)<\/p><\/li><li data-start=\"622\" data-end=\"783\"><p data-start=\"624\" data-end=\"783\"><strong data-start=\"624\" data-end=\"643\">Technical Data:<\/strong> IP address, browser type and version, device identifiers, data on Website visits and usage (search queries, visited pages, browsing time)<\/p><\/li><\/ul><ol start=\"4\" data-start=\"785\" data-end=\"828\"><li data-start=\"785\" data-end=\"828\"><p data-start=\"788\" data-end=\"828\">Methods and Sources of Data Collection<\/p><\/li><\/ol><ul data-start=\"830\" data-end=\"1060\"><li data-start=\"830\" data-end=\"973\"><p data-start=\"832\" data-end=\"973\"><strong data-start=\"832\" data-end=\"854\">Directly from You:<\/strong> when registering on the Website, filling in a contact form, subscribing to the newsletter, or contacting the Company<\/p><\/li><li data-start=\"974\" data-end=\"1060\"><p data-start=\"976\" data-end=\"1060\"><strong data-start=\"976\" data-end=\"994\">Automatically:<\/strong> via cookies and similar technologies when you visit the Website<\/p><\/li><\/ul><ol start=\"5\" data-start=\"1062\" data-end=\"1105\"><li data-start=\"1062\" data-end=\"1105\"><p data-start=\"1065\" data-end=\"1105\">Purposes of Processing and Legal Bases<\/p><\/li><\/ol><div class=\"_tableContainer_16hzy_1\"><div class=\"_tableWrapper_16hzy_14 group flex w-fit flex-col-reverse\" tabindex=\"-1\"><table class=\"w-fit min-w-(--thread-content-width)\" data-start=\"1107\" data-end=\"1748\"><thead data-start=\"1107\" data-end=\"1213\"><tr data-start=\"1107\" data-end=\"1213\"><th data-start=\"1107\" data-end=\"1153\" data-col-size=\"sm\">Purpose<\/th><th data-start=\"1153\" data-end=\"1213\" data-col-size=\"md\">Legal Basis<\/th><\/tr><\/thead><tbody data-start=\"1321\" data-end=\"1748\"><tr data-start=\"1321\" data-end=\"1427\"><td data-start=\"1321\" data-end=\"1367\" data-col-size=\"sm\">User identification and communication<\/td><td data-col-size=\"md\" data-start=\"1367\" data-end=\"1427\">Performance of a contract (GDPR Art. 6(1)(b))<\/td><\/tr><tr data-start=\"1428\" data-end=\"1534\"><td data-start=\"1428\" data-end=\"1474\" data-col-size=\"sm\">Sending newsletters and offers<\/td><td data-col-size=\"md\" data-start=\"1474\" data-end=\"1534\">User consent (GDPR Art. 6(1)(a))<\/td><\/tr><tr data-start=\"1535\" data-end=\"1641\"><td data-start=\"1535\" data-end=\"1581\" data-col-size=\"sm\">Ensuring Website operation and security<\/td><td data-col-size=\"md\" data-start=\"1581\" data-end=\"1641\">Compliance with legal obligations (GDPR Art. 6(1)(c))<\/td><\/tr><tr data-start=\"1642\" data-end=\"1748\"><td data-start=\"1642\" data-end=\"1688\" data-col-size=\"sm\">Analytics and improvement<\/td><td data-col-size=\"md\" data-start=\"1688\" data-end=\"1748\">Legitimate interests of the Company (GDPR Art. 6(1)(f))<\/td><\/tr><\/tbody><\/table><div class=\"sticky end-(--thread-content-margin) h-0 self-end select-none\">\u00a0<\/div><\/div><\/div><ol start=\"6\" data-start=\"1750\" data-end=\"2204\"><li data-start=\"1750\" data-end=\"1904\"><p data-start=\"1753\" data-end=\"1904\">Cookie Policy<br data-start=\"1766\" data-end=\"1769\" \/>We use cookies to enhance Website functionality and analyze visitor traffic. You may manage or delete cookies in your browser settings.<\/p><\/li><li data-start=\"1906\" data-end=\"2176\"><p data-start=\"1909\" data-end=\"2176\">Data Recipients and Transfers<br data-start=\"1938\" data-end=\"1941\" \/>Personal data may be shared with recruitment, IT and hosting service providers, marketing agencies, and other trusted partners processing data on our behalf. The Company does not sell or commercially exploit your data to third parties.<\/p><\/li><li data-start=\"2178\" data-end=\"2204\"><p data-start=\"2181\" data-end=\"2204\">Data Retention Period<\/p><\/li><\/ol><ul data-start=\"2206\" data-end=\"2365\"><li data-start=\"2206\" data-end=\"2276\"><p data-start=\"2208\" data-end=\"2276\">Contact and contract data: until contract termination plus 5 years<\/p><\/li><li data-start=\"2277\" data-end=\"2331\"><p data-start=\"2279\" data-end=\"2331\">Marketing consent data: until consent is withdrawn<\/p><\/li><li data-start=\"2332\" data-end=\"2365\"><p data-start=\"2334\" data-end=\"2365\">Technical data: up to 2 years<\/p><\/li><\/ul><ol start=\"9\" data-start=\"2367\" data-end=\"2459\"><li data-start=\"2367\" data-end=\"2459\"><p data-start=\"2370\" data-end=\"2459\">Your Rights<br data-start=\"2381\" data-end=\"2384\" \/>Under the General Data Protection Regulation (GDPR), you have the right to:<\/p><\/li><\/ol><ul data-start=\"2461\" data-end=\"2743\"><li data-start=\"2461\" data-end=\"2490\"><p data-start=\"2463\" data-end=\"2490\">Access your personal data<\/p><\/li><li data-start=\"2491\" data-end=\"2532\"><p data-start=\"2493\" data-end=\"2532\">Rectify inaccurate or incomplete data<\/p><\/li><li data-start=\"2533\" data-end=\"2573\"><p data-start=\"2535\" data-end=\"2573\">Erase data (\u201cright to be forgotten\u201d)<\/p><\/li><li data-start=\"2574\" data-end=\"2597\"><p data-start=\"2576\" data-end=\"2597\">Restrict processing<\/p><\/li><li data-start=\"2598\" data-end=\"2622\"><p data-start=\"2600\" data-end=\"2622\">Object to processing<\/p><\/li><li data-start=\"2623\" data-end=\"2643\"><p data-start=\"2625\" data-end=\"2643\">Data portability<\/p><\/li><li data-start=\"2644\" data-end=\"2743\"><p data-start=\"2646\" data-end=\"2743\">Withdraw consent at any time (without affecting the lawfulness of processing prior to withdrawal)<\/p><\/li><\/ul><p data-start=\"2745\" data-end=\"2798\">Please send requests or inquiries to <a class=\"cursor-pointer\" rel=\"noopener\" data-start=\"2782\" data-end=\"2798\">info@franchef.lv<\/a><\/p><ol start=\"10\" data-start=\"2800\" data-end=\"3334\" data-is-last-node=\"\" data-is-only-node=\"\"><li data-start=\"2800\" data-end=\"3023\"><p data-start=\"2804\" data-end=\"3023\">Complaints<br data-start=\"2814\" data-end=\"2817\" \/>If you believe your data rights have been violated, you may file a complaint with the Data State Inspectorate:<br data-start=\"2927\" data-end=\"2930\" \/>Address: R\u016bpniec\u012bbas iela 16, R\u012bga, LV-1045<br data-start=\"2973\" data-end=\"2976\" \/>Phone: +371 6735 2125<br data-start=\"2997\" data-end=\"3000\" \/>E-mail: <a class=\"cursor-pointer\" rel=\"noopener\" data-start=\"3008\" data-end=\"3023\">info@dvi.gov.lv<\/a><\/p><\/li><li data-start=\"3025\" data-end=\"3207\"><p data-start=\"3029\" data-end=\"3207\">Changes to the Privacy Policy<br data-start=\"3058\" data-end=\"3061\" \/>The Company reserves the right to update this Policy. All changes take effect upon publication on the Website. Please review the Policy regularly.<\/p><\/li><li data-start=\"3209\" data-end=\"3334\" data-is-last-node=\"\"><p data-start=\"3213\" data-end=\"3334\" data-is-last-node=\"\">Contact Information<br data-start=\"3232\" data-end=\"3235\" \/>For questions or requests, please contact us at:<br data-start=\"3283\" data-end=\"3286\" \/>E-mail: <a class=\"cursor-pointer\" rel=\"noopener\" data-start=\"3294\" data-end=\"3310\">info@franchef.lv<\/a><br data-start=\"3310\" data-end=\"3313\" \/>Phone: +371 24001300<\/p><\/li><\/ol>\t\t\t\t\t\t\t\t<\/div>\n\t\t\t\t<\/div>\n\t\t\t\t\t<\/div>\n\t\t\t\t<\/div>\n\t\t\t\t<\/div>\n\t\t","protected":false},"excerpt":{"rendered":"<p>PRIVACY POLICY General ProvisionsThis Privacy Policy (hereinafter \u2013 \u201cPolicy\u201d) defines how MCF EUROPE, SIA (hereinafter \u2013 \u201cCompany\u201d) processes and protects<\/p>\n","protected":false},"author":1,"featured_media":0,"parent":0,"menu_order":0,"comment_status":"closed","ping_status":"closed","template":"","meta":{"footnotes":""},"class_list":["post-16295","page","type-page","status-publish","hentry"],"_links":{"self":[{"href":"https:\/\/franchef.lv\/en\/wp-json\/wp\/v2\/pages\/16295","targetHints":{"allow":["GET"]}}],"collection":[{"href":"https:\/\/franchef.lv\/en\/wp-json\/wp\/v2\/pages"}],"about":[{"href":"https:\/\/franchef.lv\/en\/wp-json\/wp\/v2\/types\/page"}],"author":[{"embeddable":true,"href":"https:\/\/franchef.lv\/en\/wp-json\/wp\/v2\/users\/1"}],"replies":[{"embeddable":true,"href":"https:\/\/franchef.lv\/en\/wp-json\/wp\/v2\/comments?post=16295"}],"version-history":[{"count":10,"href":"https:\/\/franchef.lv\/en\/wp-json\/wp\/v2\/pages\/16295\/revisions"}],"predecessor-version":[{"id":16711,"href":"https:\/\/franchef.lv\/en\/wp-json\/wp\/v2\/pages\/16295\/revisions\/16711"}],"wp:attachment":[{"href":"https:\/\/franchef.lv\/en\/wp-json\/wp\/v2\/media?parent=16295"}],"curies":[{"name":"wp","href":"https:\/\/api.w.org\/{rel}","templated":true}]}}